{"id":1535,"date":"2026-01-12T15:33:12","date_gmt":"2026-01-12T14:33:12","guid":{"rendered":"https:\/\/idrg.ch\/?page_id=1535"},"modified":"2026-01-27T14:56:59","modified_gmt":"2026-01-27T13:56:59","slug":"aktuelle-ausgabe","status":"publish","type":"page","link":"https:\/\/idrg.ch\/de\/annalas\/aktuelle-ausgabe\/","title":{"rendered":"Aktuelle Ausgabe"},"content":{"rendered":"<section class=\"brxe-bscxbs brxe-section hero\"><img loading=\"lazy\" decoding=\"async\" width=\"1920\" height=\"1281\" src=\"https:\/\/idrg.ch\/wp-content\/uploads\/2025\/11\/MG_7082.webp\" class=\"brxe-ebdphu brxe-image header-bild css-filter size-full\" alt=\"\" srcset=\"https:\/\/idrg.ch\/wp-content\/uploads\/2025\/11\/MG_7082.webp 1920w, https:\/\/idrg.ch\/wp-content\/uploads\/2025\/11\/MG_7082-300x200.webp 300w, https:\/\/idrg.ch\/wp-content\/uploads\/2025\/11\/MG_7082-1024x683.webp 1024w, https:\/\/idrg.ch\/wp-content\/uploads\/2025\/11\/MG_7082-768x512.webp 768w, https:\/\/idrg.ch\/wp-content\/uploads\/2025\/11\/MG_7082-1536x1025.webp 1536w, https:\/\/idrg.ch\/wp-content\/uploads\/2025\/11\/MG_7082-1335x891.webp 1335w\" sizes=\"auto, (max-width: 1920px) 100vw, 1920px\" style=\"object-position: 61% 49%;\" \/><div class=\"brxe-oyaatg brxe-container container bg-hell\"><h1 class=\"brxe-focyhh brxe-heading header-titel\">Annalas 138 (2025)<\/h1><\/div><\/section><section class=\"brxe-hjwrvj brxe-section\"><div class=\"brxe-hevxbi brxe-container zweispalter bg-hell container\"><div class=\"brxe-gttsai brxe-block\"><div class=\"brxe-gvyjat brxe-text\"><p>Was hat es sich mit der Frage \u00abHas che morda? \u2013 Beisst es dich?\u00bb auf sich? Wie w\u00fcrde Cla Bierts Roman <em>La m\u00fcdada<\/em>\u00a0klingen, wenn er ein Musikalbum w\u00e4re? Wie werden \u00f6kologische Themen in der romanischen Literatur verhandelt? Wie werden Einstellungen gegen\u00fcber Rumantsch Grischun sprachlich in der Bev\u00f6lkerung reproduziert? Wie f\u00f6rdert man die Leselust von Jugendlichen und welche Frauen verschafften weiblichen Stimmen Geh\u00f6r in der Musik Graub\u00fcndens?<\/p>\n<p>Die aktuelle Ausgabe des Jahrbuchs Annalas \u2013 Nr. 138 der von der Societad Retorumantscha herausgegebenen Reihe \u2013 enth\u00e4lt eine breite Palette von wissenschaftlichen und popul\u00e4rwissenschaftlichen Artikeln zur b\u00fcndnerromanischen Sprache und Kultur.<\/p>\n<\/div><\/div><\/div><\/section><section id=\"brxe-vpzeak\" class=\"brxe-section\"><div id=\"brxe-rwcfme\" class=\"brxe-container zweispalter bg-hell container\"><h2 id=\"brxe-fdqbbd\" class=\"brxe-heading\">Inhaltsverzeichnis<\/h2><h3 id=\"brxe-lnpkuz\" class=\"brxe-heading inhalt-kapitel\"> <\/h3><div id=\"brxe-tpfysm\" class=\"brxe-block\"><div class=\"brxe-mjmsyd brxe-div\"><div class=\"brxe-aqowlm brxe-text-basic inhalt-titel\">Sin via<\/div><div class=\"brxe-zhpbrt brxe-text-basic inhalt-autor\"> <\/div><\/div><\/div><h3 id=\"brxe-zqqvam\" class=\"brxe-heading inhalt-kapitel\">1. Linguatg<\/h3><div id=\"brxe-wbbhvn\" class=\"brxe-block\"><div class=\"brxe-mjmsyd brxe-div\"><a class=\"brxe-aqowlm brxe-text-basic inhalt-titel\" href=\"https:\/\/idrg.ch\/de\/annalas\/alle-ausgaben\/annalas-138-tonaufnahmen\/\">Quatter registraziuns rumantschas dal 1924<\/a><div class=\"brxe-zhpbrt brxe-text-basic inhalt-autor\">Michele Luigi Badilatti<\/div><?xml encoding=\"UTF-8\"><div data-script-id=\"peszqn-bjibqg\" class=\"brxe-peszqn brxe-accordion-nested inhalt-accord\"><div class=\"brxe-cofjwk brxe-block\"><div class=\"brxe-tnslka brxe-block accordion-title-wrapper\" role=\"button\" aria-expanded=\"false\" tabindex=\"0\" aria-controls=\"\"><i class=\"ion-ios-arrow-forward brxe-zrxfvm brxe-icon brx-icon-transform\"><\/i><div class=\"brxe-qdande brxe-text-basic\">Abstract<\/div><\/div><div class=\"brxe-xzxuiz brxe-block accordion-content-wrapper\" id=\"\" role=\"region\"><div class=\"brxe-fpjhun brxe-text\"><p class=\"p1\">Auf der Internetseite <em>annalas.ch<\/em> werden erstmals vier b&uuml;ndnerromanische Tonaufnahmen von 1924 ver&ouml;ffentlicht, die Wilhelm Doegen, Leiter der Lautabteilung an der Preussischen Staatsbibliothek zu Berlin, in Z&uuml;rich aufgezeichnet hat. Dieser Artikel dient als Begleitpublikation und bietet mit einer &Uuml;bertragung ins jeweilige Idiom der Sprecher (Vallader, Surmiran, Sursilvan), einer deutschen &Uuml;bersetzung sowie einer phonetischen Transkription im Internationalen Phonetischen Alphabet (IPA) einen dreifachen Zugang zu diesen historischen Aufnahmen aus dem Bestand des Phonogrammarchivs der Universit&auml;t Z&uuml;rich.<\/p>\n<\/div><\/div><\/div><\/div>\n<\/div><div class=\"brxe-mjmsyd brxe-div\"><div class=\"brxe-aqowlm brxe-text-basic inhalt-titel\">Has che marscha? Analisa sintactica e semantica d\u2019in fenomen romontsch marginalisau<\/div><div class=\"brxe-zhpbrt brxe-text-basic inhalt-autor\">Not Battesta Soliva<\/div><?xml encoding=\"UTF-8\"><div data-script-id=\"peszqn-csuldi\" class=\"brxe-peszqn brxe-accordion-nested inhalt-accord\"><div class=\"brxe-cofjwk brxe-block\"><div class=\"brxe-tnslka brxe-block accordion-title-wrapper\" role=\"button\" aria-expanded=\"false\" tabindex=\"0\" aria-controls=\"\"><i class=\"ion-ios-arrow-forward brxe-zrxfvm brxe-icon brx-icon-transform\"><\/i><div class=\"brxe-qdande brxe-text-basic\">Abstract<\/div><\/div><div class=\"brxe-xzxuiz brxe-block accordion-content-wrapper\" id=\"\" role=\"region\"><div class=\"brxe-fpjhun brxe-text\"><p class=\"p1\">This article sets out to analyse, according to modern basic linguistic theory, a note&shy; worthy but little-discussed syntactic aspect of Romansh grammar. The focus is on its appearance in Sursilvan. The structure in question is a periphrasis that uses an auxiliary verb and subordination to transform the valency and semantic implication of certain clauses. The result is a sentence with a fronted noun phrase holding the semantic role of an experiencer which would otherwise be an oblique object in the corresponding basic clause. This undertaking begins with a syntactic analysis, proceeds to the semantic setup, and concludes with a brief comparative insight. The goal is not just to describe an edge-case phenomenon, but to underline by example the need to describe languages like Romansh beyond older Germanic and Romance prescriptive grammar tradition.<\/p>\n<\/div><\/div><\/div><\/div>\n<\/div><div class=\"brxe-mjmsyd brxe-div\"><div class=\"brxe-aqowlm brxe-text-basic inhalt-titel\">\u00abPli bugen ina fin cun sgarschur ch\u2019ina sgarschur senza fin\u00bb. Tenutas ed ideologias linguisticas en connex cun l\u2019introducziun dal rumantsch grischun sco lingua d\u2019alfabetisaziun<\/div><div class=\"brxe-zhpbrt brxe-text-basic inhalt-autor\">Giuanna Emilia Caviezel<\/div><?xml encoding=\"UTF-8\"><div data-script-id=\"peszqn-xiliut\" class=\"brxe-peszqn brxe-accordion-nested inhalt-accord\"><div class=\"brxe-cofjwk brxe-block\"><div class=\"brxe-tnslka brxe-block accordion-title-wrapper\" role=\"button\" aria-expanded=\"false\" tabindex=\"0\" aria-controls=\"\"><i class=\"ion-ios-arrow-forward brxe-zrxfvm brxe-icon brx-icon-transform\"><\/i><div class=\"brxe-qdande brxe-text-basic\">Abstract<\/div><\/div><div class=\"brxe-xzxuiz brxe-block accordion-content-wrapper\" id=\"\" role=\"region\"><div class=\"brxe-fpjhun brxe-text\"><p class=\"p1\">Die Einf&uuml;hrung der &uuml;berregionalen Schriftsprache Rumantsch Grischun als Alphabetisierungssprache in den Jahren 2007&ndash;2011 hat f&uuml;r betr&auml;chtliche Auseinandersetzungen innerhalb der r&auml;toromanischen Bev&ouml;lkerung gesorgt. Die Ausweitung des Anwendungsbereichs dieser Einheitssprache hat sowohl zu intensiven Debatten im &ouml;ffentlichen Diskurs als auch zur Bildung von Vereinigungen verschiedener Stossrichtungen gef&uuml;hrt. Ziel dieser Studie ist es, zu eruieren, inwiefern die sprachideologischen Haltungen der Interessengruppen Pro idioms und Pro rumantsch in &ouml;ffentlichen Spracheinstellungs&auml;usserungen der r&auml;toromanischen Bev&ouml;lkerung reproduziert werden. Anhand einer Analyse von metasprachlichen &Auml;usserungen in Leserbriefen soll herausgearbeitet werden, wie sich bestimmte Anschauungen im &ouml;ffentlichen Diskurs verbreiten.<\/p>\n<\/div><\/div><\/div><\/div>\n<\/div><div class=\"brxe-mjmsyd brxe-div\"><div class=\"brxe-aqowlm brxe-text-basic inhalt-titel\">Sprachstandardisierung und Sprachideologien. R\u00e4toromanisch in der Schweiz<\/div><div class=\"brxe-zhpbrt brxe-text-basic inhalt-autor\">Renata Coray<\/div><?xml encoding=\"UTF-8\"><div data-script-id=\"peszqn-shnztt\" class=\"brxe-peszqn brxe-accordion-nested inhalt-accord\"><div class=\"brxe-cofjwk brxe-block\"><div class=\"brxe-tnslka brxe-block accordion-title-wrapper\" role=\"button\" aria-expanded=\"false\" tabindex=\"0\" aria-controls=\"\"><i class=\"ion-ios-arrow-forward brxe-zrxfvm brxe-icon brx-icon-transform\"><\/i><div class=\"brxe-qdande brxe-text-basic\">Abstract<\/div><\/div><div class=\"brxe-xzxuiz brxe-block accordion-content-wrapper\" id=\"\" role=\"region\"><div class=\"brxe-fpjhun brxe-text\"><p class=\"p1\">The article focuses on the supra-regional standardisation of Rhaeto-Romance in Switzerland. The creation of Rumantsch Grischun can be seen as a prime example of the standardisation of a minority language. Based on relevant language planning and sociolinguistic literature, the article examines why such a process can trigger so many disputes and tensions. It becomes clear that language standardisation not only affects corpus and status planning, but also linguistic and social hierarchies as well as language ideologies and values of the actors involved.<\/p>\n<\/div><\/div><\/div><\/div>\n<\/div><\/div><h3 id=\"brxe-ppjmuf\" class=\"brxe-heading inhalt-kapitel\">2. Litteratura<\/h3><div id=\"brxe-hwcphz\" class=\"brxe-block\"><div class=\"brxe-mjmsyd brxe-div\"><div class=\"brxe-aqowlm brxe-text-basic inhalt-titel\">Soundscapes \u2013 Tuns, suns e musica in <i>La m\u00fcdada<\/i> da Cla Biert\n<\/div><div class=\"brxe-zhpbrt brxe-text-basic inhalt-autor\">Silvio Badolato<\/div><?xml encoding=\"UTF-8\"><div data-script-id=\"peszqn-kgtxtz\" class=\"brxe-peszqn brxe-accordion-nested inhalt-accord\"><div class=\"brxe-cofjwk brxe-block\"><div class=\"brxe-tnslka brxe-block accordion-title-wrapper\" role=\"button\" aria-expanded=\"false\" tabindex=\"0\" aria-controls=\"\"><i class=\"ion-ios-arrow-forward brxe-zrxfvm brxe-icon brx-icon-transform\"><\/i><div class=\"brxe-qdande brxe-text-basic\">Abstract<\/div><\/div><div class=\"brxe-xzxuiz brxe-block accordion-content-wrapper\" id=\"\" role=\"region\"><div class=\"brxe-fpjhun brxe-text\"><p class=\"p1\">T&ouml;ne, Kl&auml;nge und Musik sind im Roman <em>La m&uuml;dada<\/em> von Cla Biert von grosser Bedeutung. Das Konzept der Intermedialit&auml;t bietet sich als Grundger&uuml;st an, um die musikalischen Beschreibungen zu analysieren, die im Kapitel <em>Il bal da gala<\/em> ihren H&ouml;hepunkt finden, nicht zuletzt in einer Ann&auml;herung an die Erz&auml;hltechnik des Bewusstseinsstroms. W&auml;hrend die Beziehungen zwischen Musik und Literatur theoretisch gut erforscht sind, ist die Ausweitung dieser interdisziplin&auml;ren Untersuchung auf alle akustischen Ph&auml;nomene weniger weit fortgeschritten. Das zentrale, vom Musikwissenschaftler R. Murray Schafer gepr&auml;gte Konzept des <em>Soundscape<\/em> erm&ouml;glicht mit Kategorien wie &laquo;Signal&raquo; und &laquo;Keynote&raquo; eine systematische Analyse der akustischen Ph&auml;nomene in <em>La m&uuml;dada<\/em>. Die wesentliche Manifestation dieser beiden Funktionen im Roman sind die Kl&auml;nge der Glocken und das Ger&auml;usch des Flusses Inn.<\/p>\n<\/div><\/div><\/div><\/div>\n<\/div><div class=\"brxe-mjmsyd brxe-div\"><div class=\"brxe-aqowlm brxe-text-basic inhalt-titel\">Litteratura rumantscha i\u2019l antropocen: Lect\u00fcras<\/div><div class=\"brxe-zhpbrt brxe-text-basic inhalt-autor\">Janic Maskos<\/div><?xml encoding=\"UTF-8\"><div data-script-id=\"peszqn-baftsb\" class=\"brxe-peszqn brxe-accordion-nested inhalt-accord\"><div class=\"brxe-cofjwk brxe-block\"><div class=\"brxe-tnslka brxe-block accordion-title-wrapper\" role=\"button\" aria-expanded=\"false\" tabindex=\"0\" aria-controls=\"\"><i class=\"ion-ios-arrow-forward brxe-zrxfvm brxe-icon brx-icon-transform\"><\/i><div class=\"brxe-qdande brxe-text-basic\">Abstract<\/div><\/div><div class=\"brxe-xzxuiz brxe-block accordion-content-wrapper\" id=\"\" role=\"region\"><div class=\"brxe-fpjhun brxe-text\"><p class=\"p1\">This article examines how Romansh literature deals with the Anthropocene. Through a close reading of poems and short prose texts by authors such as Flurina Badel, Dumenic Andry, Fadrina Hofmann and Viola Cadruvi, ecological, social and ethical themes are analyzed. The study highlights the key narratives of the Anthropocene &ndash; interdependence, catastrophe and transformation &ndash; and shows how literature questions nature-culture dualisms, grants agency to non-human actors and offers both dystopian and utopian visions. Although the texts are short, they prove to be powerful tools for thinking about the human impact on the earth.<\/p>\n<\/div><\/div><\/div><\/div>\n<\/div><div class=\"brxe-mjmsyd brxe-div\"><div class=\"brxe-aqowlm brxe-text-basic inhalt-titel\">\u00abBuna\u00bb litteratura per giuvenils e l\u2019instrucziun litterara s\u00fcl s-chelin ot<\/div><div class=\"brxe-zhpbrt brxe-text-basic inhalt-autor\">Gianna Duschletta<\/div><?xml encoding=\"UTF-8\"><div data-script-id=\"peszqn-knstte\" class=\"brxe-peszqn brxe-accordion-nested inhalt-accord\"><div class=\"brxe-cofjwk brxe-block\"><div class=\"brxe-tnslka brxe-block accordion-title-wrapper\" role=\"button\" aria-expanded=\"false\" tabindex=\"0\" aria-controls=\"\"><i class=\"ion-ios-arrow-forward brxe-zrxfvm brxe-icon brx-icon-transform\"><\/i><div class=\"brxe-qdande brxe-text-basic\">Abstract<\/div><\/div><div class=\"brxe-xzxuiz brxe-block accordion-content-wrapper\" id=\"\" role=\"region\"><div class=\"brxe-fpjhun brxe-text\"><p>Gute Jugendliteratur muss junge Leser:innen ernst nehmen &ndash; sie darf weder &uuml;ber- noch unterfordern, sondern soll an ihre Lebenswelt und ihre Lesekompetenz ankn&uuml;pfen. Damit diese Texte ihr Potenzial entfalten k&ouml;nnen, braucht es jedoch gezielte F&ouml;rderung: Der Umgang mit Literatur und literarisches Verstehen sind keine Selbstverst&auml;ndlichkeit. Wird dies vernachl&auml;ssigt, f&uuml;hlen sich Sch&uuml;ler:innen schnell &uuml;berfordert, was zu negativen Leseerfahrungen und einem schwachen lesebezogenen Selbstkonzept f&uuml;hren kann. Der Beitrag fasst Kriterien zur Auswahl geeigneter Texte zusammen und diskutiert, wie Literatur&shy;unterricht auf der Oberstufe gestaltet werden kann, um Motivation und Lesekompetenz langfristig zu st&auml;rken.<\/p>\n<\/div><\/div><\/div><\/div>\n<\/div><div class=\"brxe-mjmsyd brxe-div\"><div class=\"brxe-aqowlm brxe-text-basic inhalt-titel\">Poesias d\u2019amur \u2013 \u00fcn fil cotschen chi traversa l\u2019istorgia da litteratura<\/div><div class=\"brxe-zhpbrt brxe-text-basic inhalt-autor\">Annetta Ganzoni<\/div><?xml encoding=\"UTF-8\"><div data-script-id=\"peszqn-xaqrbw\" class=\"brxe-peszqn brxe-accordion-nested inhalt-accord\"><div class=\"brxe-cofjwk brxe-block\"><div class=\"brxe-tnslka brxe-block accordion-title-wrapper\" role=\"button\" aria-expanded=\"false\" tabindex=\"0\" aria-controls=\"\"><i class=\"ion-ios-arrow-forward brxe-zrxfvm brxe-icon brx-icon-transform\"><\/i><div class=\"brxe-qdande brxe-text-basic\">Abstract<\/div><\/div><div class=\"brxe-xzxuiz brxe-block accordion-content-wrapper\" id=\"\" role=\"region\"><div class=\"brxe-fpjhun brxe-text\"><p>Die Anthologie Amur. <em>Poesias 1648&ndash;2025<\/em> pr&auml;sentiert rund sechzig, in ihrer Form recht unterschiedliche Gedichte zum Thema &laquo;Liebe&raquo;, geschrieben von Frauen und M&auml;nnern aus den verschiedenen B&uuml;ndner T&auml;lern. Das Thema umfasst einen F&auml;cher unterschiedlichster Gef&uuml;hle, die die Texte miteinander verbinden. Die Liebe zeigt sich als roter Leit-Faden durch die r&auml;toromanische Literaturgeschichte, der sowohl auf die ver&auml;nderlichen poetischen und sozialen Traditionen verweist als auch auf die &uuml;ber die Generationen andauernde Tendenz zur Idealisierung der Liebe. Mit der ungewohnten und auch experimentellen Kontextualisierung der neu aufgelegten Verse beleuchtet dieser Band Gedichte aus unterschiedlichen Zeiten und ihre Autor:innen von neuem.<\/p>\n<\/div><\/div><\/div><\/div>\n<\/div><\/div><h3 id=\"brxe-etirwl\" class=\"brxe-heading inhalt-kapitel\">3. Istorgia culturala<\/h3><div id=\"brxe-rdhiqr\" class=\"brxe-block\"><div class=\"brxe-mjmsyd brxe-div\"><div class=\"brxe-aqowlm brxe-text-basic inhalt-titel\">Dunnas e vuschs femininas en la cultura musicala dal Grischun<\/div><div class=\"brxe-zhpbrt brxe-text-basic inhalt-autor\">Laura Decurtins<\/div><?xml encoding=\"UTF-8\"><div data-script-id=\"peszqn-ndmxtc\" class=\"brxe-peszqn brxe-accordion-nested inhalt-accord\"><div class=\"brxe-cofjwk brxe-block\"><div class=\"brxe-tnslka brxe-block accordion-title-wrapper\" role=\"button\" aria-expanded=\"false\" tabindex=\"0\" aria-controls=\"\"><i class=\"ion-ios-arrow-forward brxe-zrxfvm brxe-icon brx-icon-transform\"><\/i><div class=\"brxe-qdande brxe-text-basic\">Abstract<\/div><\/div><div class=\"brxe-xzxuiz brxe-block accordion-content-wrapper\" id=\"\" role=\"region\"><div class=\"brxe-fpjhun brxe-text\"><p class=\"p1\">Das Forschungsprojekt &laquo;Frauen in der B&uuml;ndner Musikkultur&raquo; verfolgt das Ziel, im Fahrwasser des gesellschaftlichen und wissenschaftlichen Diskurses zu Musik und Gender eine erste Einsicht in die Rolle und Bedeutung von Frauen in der B&uuml;ndner Musikgeschichte seit der Fr&uuml;hen Neuzeit und in der aktuellen Musikszene zu bieten. Gefragt wird dabei sowohl nach Berufs- und Lebenswelten einzelner Musikerinnen, als auch nach der sozialgeschichtlichen Realit&auml;t weiblichen Musikpraktizierens, nach R&auml;umen und Orten f&uuml;r ihr musikkulturelles Handeln. Mittels historischer Quellen und Gespr&auml;che (Oral History) wird die m&auml;nnerdominierte Musikgeschichte und Musikhistoriographie um weibliche Perspektiven und alternative Geschichten (Herstory) erg&auml;nzt. Dadurch soll eine Wissens- und Forschungsl&uuml;cke geschlossen und eine Grundlage f&uuml;r die Forschung im Bereich Musik und Gender in Graub&uuml;nden gelegt werden. Das Forschungsprojekt wurde vom Institut f&uuml;r Kulturforschung Graub&uuml;nden (ikg) unterst&uuml;tzt und finanziert.<\/p>\n<\/div><\/div><\/div><\/div>\n<\/div><\/div><h3 id=\"brxe-fpfihz\" class=\"brxe-heading inhalt-kapitel\">4. Recensiuns<\/h3><div id=\"brxe-njtmyk\" class=\"brxe-block\"><div class=\"brxe-mjmsyd brxe-div\"><div class=\"brxe-aqowlm brxe-text-basic inhalt-titel\">In pledoyer che persvada<\/div><div class=\"brxe-zhpbrt brxe-text-basic inhalt-autor\">Sandro Buchli<\/div><\/div><\/div><h3 id=\"brxe-lbqxjz\" class=\"brxe-heading inhalt-kapitel\">5. Cronica<\/h3><div id=\"brxe-ptvhda\" class=\"brxe-block\"><div class=\"brxe-mjmsyd brxe-div\"><div class=\"brxe-aqowlm brxe-text-basic inhalt-titel\">Ursicin Gion Gieli Derungs \u2013 ina persuna da gronda serenitad intellectuala (1935\u20132024)<\/div><div class=\"brxe-zhpbrt brxe-text-basic inhalt-autor\">Mariano Tschuor<\/div><\/div><\/div><h3 id=\"brxe-phaouj\" class=\"brxe-heading inhalt-kapitel\"> <\/h3><div id=\"brxe-lptxmx\" class=\"brxe-block\"><div class=\"brxe-mjmsyd brxe-div\"><div class=\"brxe-aqowlm brxe-text-basic inhalt-titel\">Auturas ed auturs da questa ediziun<\/div><div class=\"brxe-zhpbrt brxe-text-basic inhalt-autor\"> <\/div><\/div><div class=\"brxe-mjmsyd brxe-div\"><a class=\"brxe-aqowlm brxe-text-basic inhalt-titel\" href=\"https:\/\/idrg.ch\/de\/srr\/statuten\/\">Statuts da la Societad Retorumantscha (SRR)<\/a><div class=\"brxe-zhpbrt brxe-text-basic inhalt-autor\"> <\/div><\/div><div class=\"brxe-mjmsyd brxe-div\"><div class=\"brxe-aqowlm brxe-text-basic inhalt-titel\">Rapport annual per l\u2019onn 2024<\/div><div class=\"brxe-zhpbrt brxe-text-basic inhalt-autor\"> <\/div><\/div><div class=\"brxe-mjmsyd brxe-div\"><div class=\"brxe-aqowlm brxe-text-basic inhalt-titel\">Rendaquint per l\u2019onn 2024<\/div><div class=\"brxe-zhpbrt brxe-text-basic inhalt-autor\"> <\/div><\/div><div class=\"brxe-mjmsyd brxe-div\"><div class=\"brxe-aqowlm brxe-text-basic inhalt-titel\">Publicaziuns<\/div><div class=\"brxe-zhpbrt brxe-text-basic inhalt-autor\"> <\/div><\/div><\/div><\/div><\/section>","protected":false},"excerpt":{"rendered":"<p>Annalas 138 (2025)Was hat es sich mit der Frage \u00abHas che morda? \u2013 Beisst es dich?\u00bb auf sich? Wie w\u00fcrde Cla Bierts Roman La m\u00fcdada\u00a0klingen, wenn er ein Musikalbum w\u00e4re? Wie werden \u00f6kologische Themen in der romanischen Literatur verhandelt? Wie werden Einstellungen gegen\u00fcber Rumantsch Grischun sprachlich in der Bev\u00f6lkerung reproduziert? Wie f\u00f6rdert man die Leselust [&hellip;]<\/p>\n","protected":false},"author":1,"featured_media":0,"parent":1102,"menu_order":1,"comment_status":"closed","ping_status":"closed","template":"pages-mit-beitraegen.php","meta":{"footnotes":""},"class_list":["post-1535","page","type-page","status-publish","hentry"],"_links":{"self":[{"href":"https:\/\/idrg.ch\/de\/wp-json\/wp\/v2\/pages\/1535","targetHints":{"allow":["GET"]}}],"collection":[{"href":"https:\/\/idrg.ch\/de\/wp-json\/wp\/v2\/pages"}],"about":[{"href":"https:\/\/idrg.ch\/de\/wp-json\/wp\/v2\/types\/page"}],"author":[{"embeddable":true,"href":"https:\/\/idrg.ch\/de\/wp-json\/wp\/v2\/users\/1"}],"replies":[{"embeddable":true,"href":"https:\/\/idrg.ch\/de\/wp-json\/wp\/v2\/comments?post=1535"}],"version-history":[{"count":9,"href":"https:\/\/idrg.ch\/de\/wp-json\/wp\/v2\/pages\/1535\/revisions"}],"predecessor-version":[{"id":2430,"href":"https:\/\/idrg.ch\/de\/wp-json\/wp\/v2\/pages\/1535\/revisions\/2430"}],"up":[{"embeddable":true,"href":"https:\/\/idrg.ch\/de\/wp-json\/wp\/v2\/pages\/1102"}],"wp:attachment":[{"href":"https:\/\/idrg.ch\/de\/wp-json\/wp\/v2\/media?parent=1535"}],"curies":[{"name":"wp","href":"https:\/\/api.w.org\/{rel}","templated":true}]}}